{"id":49,"date":"2018-02-19T21:27:30","date_gmt":"2018-02-19T20:27:30","guid":{"rendered":"http:\/\/kosmetik-lindemann.de\/wordpress\/?page_id=49"},"modified":"2025-01-19T12:35:19","modified_gmt":"2025-01-19T11:35:19","slug":"nur-das-beste-fuer-ihre-haut","status":"publish","type":"page","link":"https:\/\/kosmetik-lindemann.de\/wordpress\/index.php\/nur-das-beste-fuer-ihre-haut\/","title":{"rendered":"Nur das Beste f\u00fcr Ihre Haut"},"content":{"rendered":"<p><strong>Ich arbeite in meinem Studio mit hochwertigen Naturprodukten und innovativen Hautpflege-Serien und Wirkstoffkosmetik.<\/strong><\/p>\n<p>So ist eine individuelle Hautpflege f\u00fcr Ihre Haut garantiert.<\/p>\n<p>Hier eine Auswahl:<\/p>\n<p>Firma Dr. Rimpler\/ Isabell Lancray:<\/p>\n<p>z. B. die Serie Organics: <br \/>Pflanzliche Aktivstoffe und der schonende Umgang mit Ressourcen machen Cutanova Organics zu einer zeitgem\u00e4\u00dfen Pflegelinie f\u00fcr h\u00f6chste Anspr\u00fcche. It\u00b4s nature inside.<\/p>\n<div class=\"fw-row\">\n<div class=\"sh-column sh-column-750abc9366e794a3657b46781760a971 fw-col-xs-12\">\n<div class=\"sh-column-wrapper\">\n<div id=\"text-block-b0d75563d10eabf530f2005dbf518a0c\" class=\"sh-text-block\">\n<p class=\"thumbnail-headline\">Die Firma Dr. Rimpler steht f\u00fcr: nature meets science. Dabei steht allerh\u00f6chste Vertr\u00e4glichkeit und Sicherheit bei optimaler Wirksamkeit im Fokus aller Bem\u00fchungen, weshalb sich die Marke Dr. RIMPLER auch nicht in eine Schublade stecken l\u00e4sst.<\/p>\n<div class=\"thumbnail-content\">\n<p>Vielmehr werden\u00a0unter dem Slogan: \u201eNature meets Science\u201c Produkte entwickelt und im Reinraum hergestellt. Du als Verbraucher erh\u00e4ltst das Maximum dessen, was in der Hautpflege aktuell erlaubt und m\u00f6glich ist. Durch diese Philosophie haben wir bereits mehrere Innovationspreise gewonnen und vielfach allerh\u00f6chste Anerkennung im Markt gefunden.<\/p>\n<\/div>\n<\/div>\n<\/div>\n<\/div>\n<\/div>\n<p>Quelle: dr.rimpler.de<\/p>\n<p>&#8212;&#8212;&#8212;&#8212;&#8212;&#8212;&#8212;&#8212;&#8212;&#8212;&#8212;&#8212;&#8212;&#8212;&#8212;&#8212;&#8212;&#8212;&#8212;&#8212;&#8212;&#8212;&#8212;&#8212;&#8212;&#8212;&#8212;&#8212;&#8212;&#8212;&#8212;&#8212;&#8212;&#8212;&#8211;<\/p>\n<p><span class=\"_7UhW9   xLCgt      MMzan   KV-D4            se6yk       T0kll \">Environ Skin Care &#8211; effektive Hautpflegeprodukte.<br \/>.<br \/>ENVIRON\u00ae Skin Care aus S\u00fcdafrika ist Pflege f\u00fcr Gesicht und K\u00f6rper. Aufgrund der effektiven Inhaltsstoffe und Wirkungsweisen bewegt sich die international anerkannte Pflege zwischen Kosmetik und medizinischen Produkten. Vitamin A als Hauptbestandteil der ENVIRON Skin Care Serie verdichtet die Querschicht der Haut und ist daher ideal zur Minimierung von F\u00e4ltchen geeignet. Es baut die Haut nach und nach auf, sodass die Haut ebenm\u00e4\u00dfiger wird. In Verbindung mit den neuesten Entwicklungen der Anti-Aging-Forschung erzielt die Pflege aus Vitamin A, Antioxidantien, AHAs, Peptiden und Sonnenschutz f\u00fcr jeden Hauttyp ein perfektes Ergebnis.<\/span><\/p>\n<p>Quelle: Care Concept GmbH, www.careconcept.com<\/p>\n<p>Alle Produkte direkt bei mir bestellbar \u00fcber info@kosmetik-lindemann.de,\u00a0 Tel.: 549577. Verkauf nach individueller Beratung. Fragt nach eurem Wunschprodukt.<\/p>\n<hr \/>\n<p><span class=\"dig-1hicw9p1_3-10-0 dig-1hicw9p0_3-10-0 dig-ekabin0_3-10-0 dig-Theme-vis2023 dig-Theme-vis2023--bright dig-Mode--bright In-Theme-Provider\">jane iredale THE SKINCARE MAKEUP<\/span><\/p>\n<p><span class=\"dig-1hicw9p1_3-10-0 dig-1hicw9p0_3-10-0 dig-ekabin0_3-10-0 dig-Theme-vis2023 dig-Theme-vis2023--bright dig-Mode--bright In-Theme-Provider\">Die Philosophie der Marke ist, die Haut nicht nur oberfl\u00e4chlich zu versch\u00f6nern, sondern nachhaltig zu verbessern. Die Produkte beinhalten Mineralien der h\u00f6chsten Qualit\u00e4t und, soweit m\u00f6glich, biologische Inhaltsstoffe. Sie sind frei von Parabenen, Talk, Phthalaten, synthetischen Duftstoffen und GVO-Inhaltsstoffen. Auch f\u00fcr Veganer bietet jane iredale diverse Produkte. Die reine Rezeptur des Make-ups ist so effektiv, dass es von Plastischen Chirurgen, Dermatologen und Hautexperten auf der ganzen Welt empfohlen wird. Angereichert mit Vitaminen, Antioxidantien und Breitbandlichtschutz, pflegt und sch\u00fctzt es die Haut und sorgt f\u00fcr makellos sch\u00f6ne Deckkraft.<\/span><\/p>\n<p>Quelle: Care Concept GmbH, www.careconcept.com<\/p>\n<p>&#8212;&#8212;&#8212;&#8212;&#8212;&#8212;&#8212;&#8212;&#8212;&#8212;&#8212;&#8212;&#8212;&#8212;&#8212;-<\/p>\n<p><strong>Primavera\u00a0 <br \/><\/strong><\/p>\n<p>Die Pflegephilosophie von PRIMAVERA beruht auf der ganzheitlichen Betrachtung von Gesundheit und Sch\u00f6nheit. Sch\u00f6nheit spiegelt sich im Zusammenspiel des inneren und \u00e4u\u00dferen Wohlbefindens. Daher bedeutet f\u00fcr uns P\ufb02ege mehr als nur Kosmetik aufzutragen. Sich bewusst Zeit nehmen, sich selbst zuwenden mit ganzheitlich wirksamen Natursch\u00e4tzen. Die liebenswerten und sch\u00f6nen Seiten an sich selbst wahrnehmen.<br \/>Sich sch\u00f6n f\u00fchlen. Im Einklang mit sich sein. Lebensfreude sp\u00fcren.<\/p>\n<p>Sp\u00fcr\u00adbar voller Lebens\u00adkraft<br \/>Eine Liebeserkl\u00e4rung an meine Haut<\/p>\n<p>In unsere Bio- &amp; Naturkosmetikprodukte flie\u00dfen jahrzehntelange Erfahrung und das ganzheitliche Wissen um die Heilsamkeit von Pflanzen\u00f6len ein. Reich an st\u00e4rkenden, sch\u00fctzenden und belebenden Pflanzenkr\u00e4ften ber\u00fchren sie K\u00f6rper, Geist und Seele.<\/p>\n<p>Schon zu Beginn der Entwicklung eines neuen Produkts achten wir darauf, dass wir Synergien schaffen mit Pflanzen, die in ihrer Kombination das jeweilige Bed\u00fcrfnis der Haut unterst\u00fctzen. Wir sind \u00fcberzeugt, dass nur die vollst\u00e4ndige Pflanze mit all ihren Wirk- und Vitalstoffen ganzheitlich wirken kann. Das Herzst\u00fcck eines jeden PRIMAVERA Bio- &amp; Naturkosmetik Pflegeproduktes sind native, biologische Pflanzen\u00f6le und naturreine, \u00e4therische \u00d6le. Ihre nat\u00fcrlichen Wirkstoffe geben unseren Hautpflegeprodukten eine ganz besondere Kraft.<\/p>\n<p>Quelle Primavera life<\/p>\n<p>&#8212;&#8212;&#8212;&#8212;&#8212;&#8212;&#8212;&#8212;&#8212;&#8212;&#8212;&#8212;&#8212;&#8212;&#8212;<\/p>\n<p><strong>Baldini by Taoasis<\/strong><\/p>\n<p>TAOASIS \u2013 das sind wir. Seit mehr als 25 Jahren stehen wir f\u00fcr 100% naturreine und hochwertige \u00e4therische \u00d6le aus zertifiziertem Bio-Anbau. In unsere Produkte kommt nichts rein, was da nicht rein geh\u00f6rt. Das hei\u00dft: Keine tierischen Bestandteile, keine undeklarierten Beimischungen, keine synthetischen Zus\u00e4tze. Und weil wir uns nicht nur um unsere Angelegenheiten k\u00fcmmern, sind alle Produkte der TAOASIS Natur Duft Manufaktur konsequent nachhaltig, fair und umweltschonend produziert. Denn wir lieben unsere Umwelt und die Menschen darin \u2013 und wir lieben D\u00fcfte.<\/p>\n<p>Quelle: www.taoasis.com<\/p>\n<p>\u00a0<\/p>\n\n\n<p><\/p>\n","protected":false},"excerpt":{"rendered":"<p>Ich arbeite in meinem Studio mit hochwertigen Naturprodukten und innovativen Hautpflege-Serien und Wirkstoffkosmetik. So ist eine individuelle Hautpflege f\u00fcr Ihre Haut garantiert. Hier eine Auswahl: Firma Dr. Rimpler\/ Isabell Lancray: z. B. die Serie Organics: Pflanzliche Aktivstoffe und der schonende Umgang mit Ressourcen machen Cutanova Organics zu einer zeitgem\u00e4\u00dfen Pflegelinie f\u00fcr h\u00f6chste Anspr\u00fcche. It\u00b4s nature &hellip; <\/p>\n<p class=\"link-more\"><a href=\"https:\/\/kosmetik-lindemann.de\/wordpress\/index.php\/nur-das-beste-fuer-ihre-haut\/\" class=\"more-link\"><span class=\"screen-reader-text\">\u201eNur das Beste f\u00fcr Ihre Haut\u201c<\/span> weiterlesen<\/a><\/p>\n","protected":false},"author":1,"featured_media":0,"parent":0,"menu_order":0,"comment_status":"closed","ping_status":"closed","template":"","meta":{"footnotes":""},"class_list":["post-49","page","type-page","status-publish","hentry"],"_links":{"self":[{"href":"https:\/\/kosmetik-lindemann.de\/wordpress\/index.php\/wp-json\/wp\/v2\/pages\/49","targetHints":{"allow":["GET"]}}],"collection":[{"href":"https:\/\/kosmetik-lindemann.de\/wordpress\/index.php\/wp-json\/wp\/v2\/pages"}],"about":[{"href":"https:\/\/kosmetik-lindemann.de\/wordpress\/index.php\/wp-json\/wp\/v2\/types\/page"}],"author":[{"embeddable":true,"href":"https:\/\/kosmetik-lindemann.de\/wordpress\/index.php\/wp-json\/wp\/v2\/users\/1"}],"replies":[{"embeddable":true,"href":"https:\/\/kosmetik-lindemann.de\/wordpress\/index.php\/wp-json\/wp\/v2\/comments?post=49"}],"version-history":[{"count":35,"href":"https:\/\/kosmetik-lindemann.de\/wordpress\/index.php\/wp-json\/wp\/v2\/pages\/49\/revisions"}],"predecessor-version":[{"id":679,"href":"https:\/\/kosmetik-lindemann.de\/wordpress\/index.php\/wp-json\/wp\/v2\/pages\/49\/revisions\/679"}],"wp:attachment":[{"href":"https:\/\/kosmetik-lindemann.de\/wordpress\/index.php\/wp-json\/wp\/v2\/media?parent=49"}],"curies":[{"name":"wp","href":"https:\/\/api.w.org\/{rel}","templated":true}]}}