{"id":534,"date":"2023-11-11T19:47:51","date_gmt":"2023-11-11T18:47:51","guid":{"rendered":"https:\/\/kosmetik-lindemann.de\/wordpress\/?page_id=534"},"modified":"2025-01-04T21:00:05","modified_gmt":"2025-01-04T20:00:05","slug":"gutscheine","status":"publish","type":"page","link":"https:\/\/kosmetik-lindemann.de\/wordpress\/index.php\/gutscheine\/","title":{"rendered":"Gutscheine"},"content":{"rendered":"\n<p><strong>Immer eine tolle Geschenkidee: <\/strong><\/p>\n\n\n\n<p><strong>Der Gutschein \u00fcber eine entspannende Wellnessbehandlung,<\/strong><\/p>\n\n\n\n<p><strong>f\u00fcr die Auszeit vom Alltag!<\/strong><\/p>\n\n\n\n<p>Dekorative Geschenkgutscheine \u00fcber einen Wert oder <\/p>\n\n\n\n<p>eine bestimmte Behandlung fertige ich f\u00fcr Sie gerne an. <\/p>\n\n\n\n<p>Einfach vorbestellen unter 02381 &#8211; 549 577 oder an i<a href=\"mailto:nfo@kosmetik-lindemann.de\">nfo@kosmetik-lindemann.de<\/a><\/p>\n\n\n\n<p class=\"has-vivid-red-color has-text-color has-link-color wp-elements-b1506ead9a825c437e56da7bb1fc3720\"><strong>Jederzeit auch online zum sofort verschenken unter: <\/strong><\/p>\n\n\n\n<p><a href=\"https:\/\/giftcard.sumup.io\/order\/G1IY9C7\/skin-care-kosmetikstudio-lindemann\">https:\/\/giftcard.sumup.io\/order\/G1IY9C7\/skin-care-kosmetikstudio-lindemann<\/a><\/p>\n\n\n\n<figure class=\"wp-block-image size-large is-resized\"><img loading=\"lazy\" decoding=\"async\" width=\"559\" height=\"1024\" src=\"https:\/\/kosmetik-lindemann.de\/wordpress\/wp-content\/uploads\/2023\/11\/Behandlung-1-559x1024.jpg\" alt=\"\" class=\"wp-image-536\" style=\"width:322px;height:590px\" srcset=\"https:\/\/kosmetik-lindemann.de\/wordpress\/wp-content\/uploads\/2023\/11\/Behandlung-1-559x1024.jpg 559w, https:\/\/kosmetik-lindemann.de\/wordpress\/wp-content\/uploads\/2023\/11\/Behandlung-1-164x300.jpg 164w, https:\/\/kosmetik-lindemann.de\/wordpress\/wp-content\/uploads\/2023\/11\/Behandlung-1-768x1408.jpg 768w, https:\/\/kosmetik-lindemann.de\/wordpress\/wp-content\/uploads\/2023\/11\/Behandlung-1-838x1536.jpg 838w, https:\/\/kosmetik-lindemann.de\/wordpress\/wp-content\/uploads\/2023\/11\/Behandlung-1.jpg 1080w\" sizes=\"auto, (max-width: 559px) 100vw, 559px\" \/><\/figure>\n","protected":false},"excerpt":{"rendered":"<p>Immer eine tolle Geschenkidee: Der Gutschein \u00fcber eine entspannende Wellnessbehandlung, f\u00fcr die Auszeit vom Alltag! Dekorative Geschenkgutscheine \u00fcber einen Wert oder eine bestimmte Behandlung fertige ich f\u00fcr Sie gerne an. Einfach vorbestellen unter 02381 &#8211; 549 577 oder an info@kosmetik-lindemann.de Jederzeit auch online zum sofort verschenken unter: https:\/\/giftcard.sumup.io\/order\/G1IY9C7\/skin-care-kosmetikstudio-lindemann<\/p>\n","protected":false},"author":1,"featured_media":0,"parent":0,"menu_order":0,"comment_status":"closed","ping_status":"closed","template":"","meta":{"footnotes":""},"class_list":["post-534","page","type-page","status-publish","hentry"],"_links":{"self":[{"href":"https:\/\/kosmetik-lindemann.de\/wordpress\/index.php\/wp-json\/wp\/v2\/pages\/534","targetHints":{"allow":["GET"]}}],"collection":[{"href":"https:\/\/kosmetik-lindemann.de\/wordpress\/index.php\/wp-json\/wp\/v2\/pages"}],"about":[{"href":"https:\/\/kosmetik-lindemann.de\/wordpress\/index.php\/wp-json\/wp\/v2\/types\/page"}],"author":[{"embeddable":true,"href":"https:\/\/kosmetik-lindemann.de\/wordpress\/index.php\/wp-json\/wp\/v2\/users\/1"}],"replies":[{"embeddable":true,"href":"https:\/\/kosmetik-lindemann.de\/wordpress\/index.php\/wp-json\/wp\/v2\/comments?post=534"}],"version-history":[{"count":10,"href":"https:\/\/kosmetik-lindemann.de\/wordpress\/index.php\/wp-json\/wp\/v2\/pages\/534\/revisions"}],"predecessor-version":[{"id":663,"href":"https:\/\/kosmetik-lindemann.de\/wordpress\/index.php\/wp-json\/wp\/v2\/pages\/534\/revisions\/663"}],"wp:attachment":[{"href":"https:\/\/kosmetik-lindemann.de\/wordpress\/index.php\/wp-json\/wp\/v2\/media?parent=534"}],"curies":[{"name":"wp","href":"https:\/\/api.w.org\/{rel}","templated":true}]}}